{"id":36,"date":"2018-05-11T14:46:06","date_gmt":"2018-05-11T18:46:06","guid":{"rendered":"https:\/\/foundation.exparl.ca\/home\/"},"modified":"2023-12-18T13:11:22","modified_gmt":"2023-12-18T18:11:22","slug":"home","status":"publish","type":"page","link":"https:\/\/foundation.exparl.ca\/fr\/","title":{"rendered":"Accueil"},"content":{"rendered":"<section class=\"wpb-content-wrapper\"><p>[vc_row css=\u00a0\u00bb.vc_custom_1527019455243{background-image: url(https:\/\/foundation.exparl.ca\/wp-content\/uploads\/2018\/05\/home-callout-1_02.jpg?id=45) !important;}\u00a0\u00bb el_id=\u00a0\u00bbhome-make-donation\u00a0\u00bb el_class=\u00a0\u00bbhome_panel home_calling_block\u00a0\u00bb][vc_column][vc_row_inner equal_height=\u00a0\u00bbyes\u00a0\u00bb el_class=\u00a0\u00bbinner-container\u00a0\u00bb][vc_column_inner width=\u00a0\u00bb2\/3&Prime;][vc_column_text]<\/p>\n<h2>Faire un don<\/h2>\n<p>Promouvoir la d\u00e9mocratie et la bonne gouvernance au Canada et dans les d\u00e9mocraties \u00e9mergentes du monde entier.[\/vc_column_text][\/vc_column_inner][vc_column_inner width=\u00a0\u00bb1\/3&Prime;][vc_raw_html]JTVCY2FsbF90b19hY3Rpb25fYnV0dG9uJTIwdXJsJTNEJTIyaHR0cHMlM0ElMkYlMkZ3d3cucGF5cGFsLmNvbSUyRmNnaS1iaW4lMkZ3ZWJzY3IlM0ZjbWQlM0Rfcy14Y2xpY2slMjZob3N0ZWRfYnV0dG9uX2lkJTNEM1Y3Ujc2SkpUMlNZWSUyNnNvdXJjZSUzRHVybCUyMiUyMHRpdGxlJTNEJTIyRmFpcmUlMjB1biUyMGRvbiUyMG1haW50ZW5hbnQlMjIlMjBjb2xvciUzRCUyMjJhM2Q1OCUyMiUyMHRhcmdldCUzRCUyMl9ibGFuayUyMiU1RCU1QiUyRmNhbGxfdG9fYWN0aW9uX2J1dHRvbiU1RA==[\/vc_raw_html][\/vc_column_inner][\/vc_row_inner][\/vc_column][\/vc_row][vc_row el_class=\u00a0\u00bbhome_panel\u00a0\u00bb][vc_column][vc_row_inner equal_height=\u00a0\u00bbyes\u00a0\u00bb el_class=\u00a0\u00bbinner-container\u00a0\u00bb][vc_column_inner width=\u00a0\u00bb2\/3&Prime;][vc_column_text]<\/p>\n<h2>Ce que nous finan\u00e7ons<\/h2>\n<p>La Fondation pour l\u2019\u00e9ducation de l\u2019ACEP finance des projets et des activit\u00e9s, pr\u00e9sent\u00e9s par des organismes de bienfaisance enregistr\u00e9s, qui contribuent \u00e0 l&rsquo;\u00e9ducation civique et renforcent les institutions d\u00e9mocratiques au Canada et \u00e0 l&rsquo;\u00e9tranger. Les projets doivent d\u00e9montrer comment ils vont contribuer \u00e0 la mission de la Fondation et sont approuv\u00e9s par son Conseil d&rsquo;administration.[\/vc_column_text][\/vc_column_inner][vc_column_inner width=\u00a0\u00bb1\/3&Prime;][vc_raw_html]JTVCY2FsbF90b19hY3Rpb25fYnV0dG9uJTIwdXJsJTNEJTIyJTJGZnIlMkZjZS1xdWUtbm91cy1maW5hbmNvbnMlMkZjb21tZW50LWZhaXJlLXVuZS1kZW1hbmRlJTJGJTIyJTIwdGl0bGUlM0QlMjJEZW1hbmRlJTIwZGUlMjBmaW5hbmNlbWVudCUyMiUyMGNvbG9yJTNEJTIyMmEzZDU4JTIyJTVEJTVCJTJGY2FsbF90b19hY3Rpb25fYnV0dG9uJTVE[\/vc_raw_html][\/vc_column_inner][\/vc_row_inner][\/vc_column][\/vc_row][vc_row][vc_column][vc_column_text]<strong>Parlement au campus<\/strong><\/p>\n<p>Le programme Parlement au campus vise \u00e0 faire venir d&rsquo;anciens parlementaires, en personne ou par le biais de la technologie virtuelle, sur les campus universitaires pour s&rsquo;adresser aux \u00e9tudiants.\u00a0 Au cours d&rsquo;une session du Parlement sur le campus, un ancien parlementaire partage ses id\u00e9es et son exp\u00e9rience en tant qu&rsquo;\u00e9lu.<\/p>\n<p><strong>Avez-vous une expertise \u00e0 partager ?<\/strong><\/p>\n<p>Nous encourageons nos membres \u00e0 partager leurs connaissances et leurs exp\u00e9riences du monde r\u00e9el avec les \u00e9tudiants de niveau postsecondaire au Canada. Si vous souhaitez contribuer \u00e0 une conversation importante sur la vie politique ou qu&rsquo;un ex-parlementaire s&rsquo;adresse \u00e0 votre classe, veuillez envoyer un courriel \u00e0 notre \u00e9quipe, \u00e0 l&rsquo;adresse exparl@parl.gc.ca en indiquant votre int\u00e9r\u00eat.[\/vc_column_text][\/vc_column][\/vc_row]<\/p>\n<\/section>","protected":false},"excerpt":{"rendered":"<p>[vc_row css=\u00a0\u00bb.vc_custom_1527019455243{background-image: url(https:\/\/foundation.exparl.ca\/wp-content\/uploads\/2018\/05\/home-callout-1_02.jpg?id=45) !important;}\u00a0\u00bb el_id=\u00a0\u00bbhome-make-donation\u00a0\u00bb el_class=\u00a0\u00bbhome_panel home_calling_block\u00a0\u00bb][vc_column][vc_row_inner equal_height=\u00a0\u00bbyes\u00a0\u00bb el_class=\u00a0\u00bbinner-container\u00a0\u00bb][vc_column_inner width=\u00a0\u00bb2\/3&Prime;][vc_column_text] Faire un don Promouvoir la d\u00e9mocratie et la bonne gouvernance au Canada et dans les d\u00e9mocraties \u00e9mergentes du monde entier.[\/vc_column_text][\/vc_column_inner][vc_column_inner width=\u00a0\u00bb1\/3&Prime;][vc_raw_html]JTVCY2FsbF90b19hY3Rpb25fYnV0dG9uJTIwdXJsJTNEJTIyaHR0cHMlM0ElMkYlMkZ3d3cucGF5cGFsLmNvbSUyRmNnaS1iaW4lMkZ3ZWJzY3IlM0ZjbWQlM0Rfcy14Y2xpY2slMjZob3N0ZWRfYnV0dG9uX2lkJTNEM1Y3Ujc2SkpUMlNZWSUyNnNvdXJjZSUzRHVybCUyMiUyMHRpdGxlJTNEJTIyRmFpcmUlMjB1biUyMGRvbiUyMG1haW50ZW5hbnQlMjIlMjBjb2xvciUzRCUyMjJhM2Q1OCUyMiUyMHRhcmdldCUzRCUyMl9ibGFuayUyMiU1RCU1QiUyRmNhbGxfdG9fYWN0aW9uX2J1dHRvbiU1RA==[\/vc_raw_html][\/vc_column_inner][\/vc_row_inner][\/vc_column][\/vc_row][vc_row el_class=\u00a0\u00bbhome_panel\u00a0\u00bb][vc_column][vc_row_inner equal_height=\u00a0\u00bbyes\u00a0\u00bb el_class=\u00a0\u00bbinner-container\u00a0\u00bb][vc_column_inner width=\u00a0\u00bb2\/3&Prime;][vc_column_text] Ce que nous finan\u00e7ons La Fondation pour l\u2019\u00e9ducation de l\u2019ACEP finance des projets et des activit\u00e9s, pr\u00e9sent\u00e9s par des organismes&#8230;<\/p>\n","protected":false},"author":1,"featured_media":0,"parent":0,"menu_order":0,"comment_status":"closed","ping_status":"closed","template":"","meta":{"footnotes":""},"class_list":["post-36","page","type-page","status-publish","hentry"],"yoast_head":"<!-- This site is optimized with the Yoast SEO plugin v19.9 - https:\/\/yoast.com\/wordpress\/plugins\/seo\/ -->\n<title>Accueil | Fondation pour l\u2019\u00e9ducation de l\u2019ACEP<\/title>\n<meta name=\"robots\" content=\"index, follow, max-snippet:-1, max-image-preview:large, max-video-preview:-1\" \/>\n<link rel=\"canonical\" href=\"https:\/\/foundation.exparl.ca\/fr\/\" \/>\n<meta property=\"og:locale\" content=\"fr_FR\" \/>\n<meta property=\"og:type\" content=\"article\" \/>\n<meta property=\"og:title\" content=\"Accueil | Fondation pour l\u2019\u00e9ducation de l\u2019ACEP\" \/>\n<meta property=\"og:description\" content=\"[vc_row css=\u00a0\u00bb.vc_custom_1527019455243{background-image: url(https:\/\/foundation.exparl.ca\/wp-content\/uploads\/2018\/05\/home-callout-1_02.jpg?id=45) !important;}\u00a0\u00bb el_id=\u00a0\u00bbhome-make-donation\u00a0\u00bb el_class=\u00a0\u00bbhome_panel home_calling_block\u00a0\u00bb][vc_column][vc_row_inner equal_height=\u00a0\u00bbyes\u00a0\u00bb el_class=\u00a0\u00bbinner-container\u00a0\u00bb][vc_column_inner width=\u00a0\u00bb2\/3&Prime;][vc_column_text] Faire un don Promouvoir la d\u00e9mocratie et la bonne gouvernance au Canada et dans les d\u00e9mocraties \u00e9mergentes du monde entier.[\/vc_column_text][\/vc_column_inner][vc_column_inner width=\u00a0\u00bb1\/3&Prime;][vc_raw_html]JTVCY2FsbF90b19hY3Rpb25fYnV0dG9uJTIwdXJsJTNEJTIyaHR0cHMlM0ElMkYlMkZ3d3cucGF5cGFsLmNvbSUyRmNnaS1iaW4lMkZ3ZWJzY3IlM0ZjbWQlM0Rfcy14Y2xpY2slMjZob3N0ZWRfYnV0dG9uX2lkJTNEM1Y3Ujc2SkpUMlNZWSUyNnNvdXJjZSUzRHVybCUyMiUyMHRpdGxlJTNEJTIyRmFpcmUlMjB1biUyMGRvbiUyMG1haW50ZW5hbnQlMjIlMjBjb2xvciUzRCUyMjJhM2Q1OCUyMiUyMHRhcmdldCUzRCUyMl9ibGFuayUyMiU1RCU1QiUyRmNhbGxfdG9fYWN0aW9uX2J1dHRvbiU1RA==[\/vc_raw_html][\/vc_column_inner][\/vc_row_inner][\/vc_column][\/vc_row][vc_row el_class=\u00a0\u00bbhome_panel\u00a0\u00bb][vc_column][vc_row_inner equal_height=\u00a0\u00bbyes\u00a0\u00bb el_class=\u00a0\u00bbinner-container\u00a0\u00bb][vc_column_inner width=\u00a0\u00bb2\/3&Prime;][vc_column_text] Ce que nous finan\u00e7ons La Fondation pour l\u2019\u00e9ducation de l\u2019ACEP finance des projets et des activit\u00e9s, pr\u00e9sent\u00e9s par des organismes...\" \/>\n<meta property=\"og:url\" content=\"https:\/\/foundation.exparl.ca\/fr\/\" \/>\n<meta property=\"og:site_name\" content=\"Fondation pour l\u2019\u00e9ducation de l\u2019ACEP\" \/>\n<meta property=\"article:modified_time\" content=\"2023-12-18T18:11:22+00:00\" \/>\n<meta name=\"twitter:card\" content=\"summary_large_image\" \/>\n<meta name=\"twitter:label1\" content=\"Dur\u00e9e de lecture estim\u00e9e\" \/>\n\t<meta name=\"twitter:data1\" content=\"2 minutes\" \/>\n<script type=\"application\/ld+json\" class=\"yoast-schema-graph\">{\"@context\":\"https:\/\/schema.org\",\"@graph\":[{\"@type\":\"WebPage\",\"@id\":\"https:\/\/foundation.exparl.ca\/fr\/\",\"url\":\"https:\/\/foundation.exparl.ca\/fr\/\",\"name\":\"Accueil | Fondation pour l\u2019\u00e9ducation de l\u2019ACEP\",\"isPartOf\":{\"@id\":\"https:\/\/foundation.exparl.ca\/fr\/#website\"},\"datePublished\":\"2018-05-11T18:46:06+00:00\",\"dateModified\":\"2023-12-18T18:11:22+00:00\",\"breadcrumb\":{\"@id\":\"https:\/\/foundation.exparl.ca\/fr\/#breadcrumb\"},\"inLanguage\":\"fr-FR\",\"potentialAction\":[{\"@type\":\"ReadAction\",\"target\":[\"https:\/\/foundation.exparl.ca\/fr\/\"]}]},{\"@type\":\"BreadcrumbList\",\"@id\":\"https:\/\/foundation.exparl.ca\/fr\/#breadcrumb\",\"itemListElement\":[{\"@type\":\"ListItem\",\"position\":1,\"name\":\"Home\",\"item\":\"https:\/\/foundation.exparl.ca\/fr\/\"},{\"@type\":\"ListItem\",\"position\":2,\"name\":\"Accueil\"}]},{\"@type\":\"WebSite\",\"@id\":\"https:\/\/foundation.exparl.ca\/fr\/#website\",\"url\":\"https:\/\/foundation.exparl.ca\/fr\/\",\"name\":\"Fondation pour l\u2019\u00e9ducation de l\u2019ACEP\",\"description\":\"Fondation pour l\u2019\u00e9ducation de l\u2019ACEP\",\"potentialAction\":[{\"@type\":\"SearchAction\",\"target\":{\"@type\":\"EntryPoint\",\"urlTemplate\":\"https:\/\/foundation.exparl.ca\/fr\/?s={search_term_string}\"},\"query-input\":\"required name=search_term_string\"}],\"inLanguage\":\"fr-FR\"}]}<\/script>\n<!-- \/ Yoast SEO plugin. -->","yoast_head_json":{"title":"Accueil | Fondation pour l\u2019\u00e9ducation de l\u2019ACEP","robots":{"index":"index","follow":"follow","max-snippet":"max-snippet:-1","max-image-preview":"max-image-preview:large","max-video-preview":"max-video-preview:-1"},"canonical":"https:\/\/foundation.exparl.ca\/fr\/","og_locale":"fr_FR","og_type":"article","og_title":"Accueil | Fondation pour l\u2019\u00e9ducation de l\u2019ACEP","og_description":"[vc_row css=\u00a0\u00bb.vc_custom_1527019455243{background-image: url(https:\/\/foundation.exparl.ca\/wp-content\/uploads\/2018\/05\/home-callout-1_02.jpg?id=45) !important;}\u00a0\u00bb el_id=\u00a0\u00bbhome-make-donation\u00a0\u00bb el_class=\u00a0\u00bbhome_panel home_calling_block\u00a0\u00bb][vc_column][vc_row_inner equal_height=\u00a0\u00bbyes\u00a0\u00bb el_class=\u00a0\u00bbinner-container\u00a0\u00bb][vc_column_inner width=\u00a0\u00bb2\/3&Prime;][vc_column_text] Faire un don Promouvoir la d\u00e9mocratie et la bonne gouvernance au Canada et dans les d\u00e9mocraties \u00e9mergentes du monde entier.[\/vc_column_text][\/vc_column_inner][vc_column_inner width=\u00a0\u00bb1\/3&Prime;][vc_raw_html]JTVCY2FsbF90b19hY3Rpb25fYnV0dG9uJTIwdXJsJTNEJTIyaHR0cHMlM0ElMkYlMkZ3d3cucGF5cGFsLmNvbSUyRmNnaS1iaW4lMkZ3ZWJzY3IlM0ZjbWQlM0Rfcy14Y2xpY2slMjZob3N0ZWRfYnV0dG9uX2lkJTNEM1Y3Ujc2SkpUMlNZWSUyNnNvdXJjZSUzRHVybCUyMiUyMHRpdGxlJTNEJTIyRmFpcmUlMjB1biUyMGRvbiUyMG1haW50ZW5hbnQlMjIlMjBjb2xvciUzRCUyMjJhM2Q1OCUyMiUyMHRhcmdldCUzRCUyMl9ibGFuayUyMiU1RCU1QiUyRmNhbGxfdG9fYWN0aW9uX2J1dHRvbiU1RA==[\/vc_raw_html][\/vc_column_inner][\/vc_row_inner][\/vc_column][\/vc_row][vc_row el_class=\u00a0\u00bbhome_panel\u00a0\u00bb][vc_column][vc_row_inner equal_height=\u00a0\u00bbyes\u00a0\u00bb el_class=\u00a0\u00bbinner-container\u00a0\u00bb][vc_column_inner width=\u00a0\u00bb2\/3&Prime;][vc_column_text] Ce que nous finan\u00e7ons La Fondation pour l\u2019\u00e9ducation de l\u2019ACEP finance des projets et des activit\u00e9s, pr\u00e9sent\u00e9s par des organismes...","og_url":"https:\/\/foundation.exparl.ca\/fr\/","og_site_name":"Fondation pour l\u2019\u00e9ducation de l\u2019ACEP","article_modified_time":"2023-12-18T18:11:22+00:00","twitter_card":"summary_large_image","twitter_misc":{"Dur\u00e9e de lecture estim\u00e9e":"2 minutes"},"schema":{"@context":"https:\/\/schema.org","@graph":[{"@type":"WebPage","@id":"https:\/\/foundation.exparl.ca\/fr\/","url":"https:\/\/foundation.exparl.ca\/fr\/","name":"Accueil | Fondation pour l\u2019\u00e9ducation de l\u2019ACEP","isPartOf":{"@id":"https:\/\/foundation.exparl.ca\/fr\/#website"},"datePublished":"2018-05-11T18:46:06+00:00","dateModified":"2023-12-18T18:11:22+00:00","breadcrumb":{"@id":"https:\/\/foundation.exparl.ca\/fr\/#breadcrumb"},"inLanguage":"fr-FR","potentialAction":[{"@type":"ReadAction","target":["https:\/\/foundation.exparl.ca\/fr\/"]}]},{"@type":"BreadcrumbList","@id":"https:\/\/foundation.exparl.ca\/fr\/#breadcrumb","itemListElement":[{"@type":"ListItem","position":1,"name":"Home","item":"https:\/\/foundation.exparl.ca\/fr\/"},{"@type":"ListItem","position":2,"name":"Accueil"}]},{"@type":"WebSite","@id":"https:\/\/foundation.exparl.ca\/fr\/#website","url":"https:\/\/foundation.exparl.ca\/fr\/","name":"Fondation pour l\u2019\u00e9ducation de l\u2019ACEP","description":"Fondation pour l\u2019\u00e9ducation de l\u2019ACEP","potentialAction":[{"@type":"SearchAction","target":{"@type":"EntryPoint","urlTemplate":"https:\/\/foundation.exparl.ca\/fr\/?s={search_term_string}"},"query-input":"required name=search_term_string"}],"inLanguage":"fr-FR"}]}},"_links":{"self":[{"href":"https:\/\/foundation.exparl.ca\/fr\/wp-json\/wp\/v2\/pages\/36","targetHints":{"allow":["GET"]}}],"collection":[{"href":"https:\/\/foundation.exparl.ca\/fr\/wp-json\/wp\/v2\/pages"}],"about":[{"href":"https:\/\/foundation.exparl.ca\/fr\/wp-json\/wp\/v2\/types\/page"}],"author":[{"embeddable":true,"href":"https:\/\/foundation.exparl.ca\/fr\/wp-json\/wp\/v2\/users\/1"}],"replies":[{"embeddable":true,"href":"https:\/\/foundation.exparl.ca\/fr\/wp-json\/wp\/v2\/comments?post=36"}],"version-history":[{"count":0,"href":"https:\/\/foundation.exparl.ca\/fr\/wp-json\/wp\/v2\/pages\/36\/revisions"}],"wp:attachment":[{"href":"https:\/\/foundation.exparl.ca\/fr\/wp-json\/wp\/v2\/media?parent=36"}],"curies":[{"name":"wp","href":"https:\/\/api.w.org\/{rel}","templated":true}]}}