{"id":169,"date":"2018-06-25T12:25:20","date_gmt":"2018-06-25T16:25:20","guid":{"rendered":"https:\/\/foundation.exparl.ca\/douglas-c-frith-annual-dinner\/"},"modified":"2018-11-23T16:21:00","modified_gmt":"2018-11-23T21:21:00","slug":"diner-annuel-douglac-c-frith","status":"publish","type":"page","link":"https:\/\/foundation.exparl.ca\/fr\/diner-annuel-douglac-c-frith\/","title":{"rendered":"D\u00eener Annuel Douglac C. Frith"},"content":{"rendered":"<section class=\"wpb-content-wrapper\"><p>[vc_row el_class=\u00a0\u00bbinner-container page_panel highlight_panel\u00a0\u00bb][vc_column][vc_column_text]Nous vous invitons \u00e0 participer \u00e0 cet \u00e9v\u00e9nement annuel important. Pour plus de d\u00e9tails et pour vous inscrire, veuillez <a href=\"\/\/exparl.ca\/fr\/ce-que-nous-faisons\/evenements\/\" target=\"_blank\" rel=\"noopener\">visiter notre page d&rsquo;\u00e9v\u00e9nement<\/a>.[\/vc_column_text][\/vc_column][\/vc_row]<\/p>\n<\/section>","protected":false},"excerpt":{"rendered":"<p>[vc_row el_class=\u00a0\u00bbinner-container page_panel highlight_panel\u00a0\u00bb][vc_column][vc_column_text]Nous vous invitons \u00e0 participer \u00e0 cet \u00e9v\u00e9nement annuel important. Pour plus de d\u00e9tails et pour vous inscrire, veuillez visiter notre page d&rsquo;\u00e9v\u00e9nement.[\/vc_column_text][\/vc_column][\/vc_row]<\/p>\n","protected":false},"author":1,"featured_media":0,"parent":0,"menu_order":0,"comment_status":"closed","ping_status":"closed","template":"","meta":{"footnotes":""},"class_list":["post-169","page","type-page","status-publish","hentry"],"yoast_head":"<!-- This site is optimized with the Yoast SEO plugin v19.9 - https:\/\/yoast.com\/wordpress\/plugins\/seo\/ -->\n<title>D\u00eener Annuel Douglac C. Frith | Fondation pour l\u2019\u00e9ducation de l\u2019ACEP<\/title>\n<meta name=\"robots\" content=\"index, follow, max-snippet:-1, max-image-preview:large, max-video-preview:-1\" \/>\n<link rel=\"canonical\" href=\"https:\/\/foundation.exparl.ca\/fr\/diner-annuel-douglac-c-frith\/\" \/>\n<meta property=\"og:locale\" content=\"fr_FR\" \/>\n<meta property=\"og:type\" content=\"article\" \/>\n<meta property=\"og:title\" content=\"D\u00eener Annuel Douglac C. Frith | Fondation pour l\u2019\u00e9ducation de l\u2019ACEP\" \/>\n<meta property=\"og:description\" content=\"[vc_row el_class=\u00a0\u00bbinner-container page_panel highlight_panel\u00a0\u00bb][vc_column][vc_column_text]Nous vous invitons \u00e0 participer \u00e0 cet \u00e9v\u00e9nement annuel important. Pour plus de d\u00e9tails et pour vous inscrire, veuillez visiter notre page d&rsquo;\u00e9v\u00e9nement.[\/vc_column_text][\/vc_column][\/vc_row]\" \/>\n<meta property=\"og:url\" content=\"https:\/\/foundation.exparl.ca\/fr\/diner-annuel-douglac-c-frith\/\" \/>\n<meta property=\"og:site_name\" content=\"Fondation pour l\u2019\u00e9ducation de l\u2019ACEP\" \/>\n<meta property=\"article:modified_time\" content=\"2018-11-23T21:21:00+00:00\" \/>\n<meta name=\"twitter:card\" content=\"summary_large_image\" \/>\n<script type=\"application\/ld+json\" class=\"yoast-schema-graph\">{\"@context\":\"https:\/\/schema.org\",\"@graph\":[{\"@type\":\"WebPage\",\"@id\":\"https:\/\/foundation.exparl.ca\/fr\/diner-annuel-douglac-c-frith\/\",\"url\":\"https:\/\/foundation.exparl.ca\/fr\/diner-annuel-douglac-c-frith\/\",\"name\":\"D\u00eener Annuel Douglac C. Frith | Fondation pour l\u2019\u00e9ducation de l\u2019ACEP\",\"isPartOf\":{\"@id\":\"https:\/\/foundation.exparl.ca\/fr\/#website\"},\"datePublished\":\"2018-06-25T16:25:20+00:00\",\"dateModified\":\"2018-11-23T21:21:00+00:00\",\"breadcrumb\":{\"@id\":\"https:\/\/foundation.exparl.ca\/fr\/diner-annuel-douglac-c-frith\/#breadcrumb\"},\"inLanguage\":\"fr-FR\",\"potentialAction\":[{\"@type\":\"ReadAction\",\"target\":[\"https:\/\/foundation.exparl.ca\/fr\/diner-annuel-douglac-c-frith\/\"]}]},{\"@type\":\"BreadcrumbList\",\"@id\":\"https:\/\/foundation.exparl.ca\/fr\/diner-annuel-douglac-c-frith\/#breadcrumb\",\"itemListElement\":[{\"@type\":\"ListItem\",\"position\":1,\"name\":\"Home\",\"item\":\"https:\/\/foundation.exparl.ca\/fr\/\"},{\"@type\":\"ListItem\",\"position\":2,\"name\":\"D\u00eener Annuel Douglac C. Frith\"}]},{\"@type\":\"WebSite\",\"@id\":\"https:\/\/foundation.exparl.ca\/fr\/#website\",\"url\":\"https:\/\/foundation.exparl.ca\/fr\/\",\"name\":\"Fondation pour l\u2019\u00e9ducation de l\u2019ACEP\",\"description\":\"Fondation pour l\u2019\u00e9ducation de l\u2019ACEP\",\"potentialAction\":[{\"@type\":\"SearchAction\",\"target\":{\"@type\":\"EntryPoint\",\"urlTemplate\":\"https:\/\/foundation.exparl.ca\/fr\/?s={search_term_string}\"},\"query-input\":\"required name=search_term_string\"}],\"inLanguage\":\"fr-FR\"}]}<\/script>\n<!-- \/ Yoast SEO plugin. -->","yoast_head_json":{"title":"D\u00eener Annuel Douglac C. Frith | Fondation pour l\u2019\u00e9ducation de l\u2019ACEP","robots":{"index":"index","follow":"follow","max-snippet":"max-snippet:-1","max-image-preview":"max-image-preview:large","max-video-preview":"max-video-preview:-1"},"canonical":"https:\/\/foundation.exparl.ca\/fr\/diner-annuel-douglac-c-frith\/","og_locale":"fr_FR","og_type":"article","og_title":"D\u00eener Annuel Douglac C. Frith | Fondation pour l\u2019\u00e9ducation de l\u2019ACEP","og_description":"[vc_row el_class=\u00a0\u00bbinner-container page_panel highlight_panel\u00a0\u00bb][vc_column][vc_column_text]Nous vous invitons \u00e0 participer \u00e0 cet \u00e9v\u00e9nement annuel important. Pour plus de d\u00e9tails et pour vous inscrire, veuillez visiter notre page d&rsquo;\u00e9v\u00e9nement.[\/vc_column_text][\/vc_column][\/vc_row]","og_url":"https:\/\/foundation.exparl.ca\/fr\/diner-annuel-douglac-c-frith\/","og_site_name":"Fondation pour l\u2019\u00e9ducation de l\u2019ACEP","article_modified_time":"2018-11-23T21:21:00+00:00","twitter_card":"summary_large_image","schema":{"@context":"https:\/\/schema.org","@graph":[{"@type":"WebPage","@id":"https:\/\/foundation.exparl.ca\/fr\/diner-annuel-douglac-c-frith\/","url":"https:\/\/foundation.exparl.ca\/fr\/diner-annuel-douglac-c-frith\/","name":"D\u00eener Annuel Douglac C. Frith | Fondation pour l\u2019\u00e9ducation de l\u2019ACEP","isPartOf":{"@id":"https:\/\/foundation.exparl.ca\/fr\/#website"},"datePublished":"2018-06-25T16:25:20+00:00","dateModified":"2018-11-23T21:21:00+00:00","breadcrumb":{"@id":"https:\/\/foundation.exparl.ca\/fr\/diner-annuel-douglac-c-frith\/#breadcrumb"},"inLanguage":"fr-FR","potentialAction":[{"@type":"ReadAction","target":["https:\/\/foundation.exparl.ca\/fr\/diner-annuel-douglac-c-frith\/"]}]},{"@type":"BreadcrumbList","@id":"https:\/\/foundation.exparl.ca\/fr\/diner-annuel-douglac-c-frith\/#breadcrumb","itemListElement":[{"@type":"ListItem","position":1,"name":"Home","item":"https:\/\/foundation.exparl.ca\/fr\/"},{"@type":"ListItem","position":2,"name":"D\u00eener Annuel Douglac C. Frith"}]},{"@type":"WebSite","@id":"https:\/\/foundation.exparl.ca\/fr\/#website","url":"https:\/\/foundation.exparl.ca\/fr\/","name":"Fondation pour l\u2019\u00e9ducation de l\u2019ACEP","description":"Fondation pour l\u2019\u00e9ducation de l\u2019ACEP","potentialAction":[{"@type":"SearchAction","target":{"@type":"EntryPoint","urlTemplate":"https:\/\/foundation.exparl.ca\/fr\/?s={search_term_string}"},"query-input":"required name=search_term_string"}],"inLanguage":"fr-FR"}]}},"_links":{"self":[{"href":"https:\/\/foundation.exparl.ca\/fr\/wp-json\/wp\/v2\/pages\/169","targetHints":{"allow":["GET"]}}],"collection":[{"href":"https:\/\/foundation.exparl.ca\/fr\/wp-json\/wp\/v2\/pages"}],"about":[{"href":"https:\/\/foundation.exparl.ca\/fr\/wp-json\/wp\/v2\/types\/page"}],"author":[{"embeddable":true,"href":"https:\/\/foundation.exparl.ca\/fr\/wp-json\/wp\/v2\/users\/1"}],"replies":[{"embeddable":true,"href":"https:\/\/foundation.exparl.ca\/fr\/wp-json\/wp\/v2\/comments?post=169"}],"version-history":[{"count":0,"href":"https:\/\/foundation.exparl.ca\/fr\/wp-json\/wp\/v2\/pages\/169\/revisions"}],"wp:attachment":[{"href":"https:\/\/foundation.exparl.ca\/fr\/wp-json\/wp\/v2\/media?parent=169"}],"curies":[{"name":"wp","href":"https:\/\/api.w.org\/{rel}","templated":true}]}}