{"id":159,"date":"2018-06-25T12:19:34","date_gmt":"2018-06-25T16:19:34","guid":{"rendered":"https:\/\/foundation.exparl.ca\/how-to-donate\/"},"modified":"2018-07-05T10:29:17","modified_gmt":"2018-07-05T14:29:17","slug":"comment-faire-un-don","status":"publish","type":"page","link":"https:\/\/foundation.exparl.ca\/fr\/comment-faire-un-don\/","title":{"rendered":"Comment faire un don"},"content":{"rendered":"<section class=\"wpb-content-wrapper\"><p>[vc_row el_class=\u00a0\u00bbinner-container page_panel\u00a0\u00bb][vc_column][vc_column_text]La Fondation pour l\u2019\u00e9ducation de l\u2019ACEP se f\u00e9licite des contributions de particuliers et de soci\u00e9t\u00e9s qui partagent notre d\u00e9sir de renforcer les institutions d\u00e9mocratiques et d&rsquo;encourager les jeunes Canadiens \u00e0 \u00eatre des citoyens plus engag\u00e9s. Les cotisations sont d\u00e9ductibles d&rsquo;imp\u00f4t.\u00a0 Num\u00e9ro d&rsquo;enregistrement de bienfaisance: 88937 9194 RR0001.<\/p>\n<p>Chaque ann\u00e9e, la Fondation pour l&rsquo;\u00e9ducation de l\u2019ACEP organise un gala \u00e0 Ottawa, soit le d\u00eener annuel Douglas C. Frith, pour amasser des fonds pour les activit\u00e9s de la Fondation.<\/p>\n<p>Les contributions peuvent \u00eatre faites en ligne en cliquant ici ou en envoyant votre ch\u00e8que personnel \u00e0 notre bureau\u00a0: Bo\u00eete postale 1, 131 rue Queen, \u00c9difices du Parlement, Ottawa, ON\u00a0 K1A 0A6.<\/p>\n<p>Pourquoi ne pas envisager de mettre la Fondation pour l\u2019\u00e9ducation dans votre testament? Pour discuter des arrangements pour financer des programmes dont les buts sont align\u00e9s avec ceux de la Fondation pour l\u2019\u00e9ducation de votre succession, veuillez communiquer avec le directeur ex\u00e9cutif, Francis LeBlanc (<a href=\"mailto:francis.leblanc@parl.gc.ca\">francis.leblanc@parl.gc.ca<\/a>\u00a0 ou (613) 995-2513).[\/vc_column_text][vc_row_inner el_class=\u00a0\u00bbcalltoaction_btn_center_panel\u00a0\u00bb][vc_column_inner][vc_raw_html]JTVCY2FsbF90b19hY3Rpb25fYnV0dG9uJTIwdXJsJTNEJTIyaHR0cCUzQSUyRiUyRmNhZnAuaXN1bmRlcmNvbnN0cnVjdGlvbi5jb20lMkZmciUyRmNlLXF1ZS1ub3VzLWZhaXNvbnMlMkZldmVuZW1lbnRzJTJGJTIyJTIwdGl0bGUlM0QlMjJWaXNpdGVyJTIwbm90cmUlMjBwYWdlJTIwZCUyNyVDMyVBOXYlQzMlQTluZW1lbnQlMjIlMjBjb2xvciUzRCUyMjJhM2Q1OCUyMiUyMHRhcmdldCUzRCUyMl9ibGFuayUyMiU1RCU1QiUyRmNhbGxfdG9fYWN0aW9uX2J1dHRvbiU1RA==[\/vc_raw_html][\/vc_column_inner][\/vc_row_inner][\/vc_column][\/vc_row]<\/p>\n<\/section>","protected":false},"excerpt":{"rendered":"<p>[vc_row el_class=\u00a0\u00bbinner-container page_panel\u00a0\u00bb][vc_column][vc_column_text]La Fondation pour l\u2019\u00e9ducation de l\u2019ACEP se f\u00e9licite des contributions de particuliers et de soci\u00e9t\u00e9s qui partagent notre d\u00e9sir de renforcer les institutions d\u00e9mocratiques et d&rsquo;encourager les jeunes Canadiens \u00e0 \u00eatre des citoyens plus engag\u00e9s. Les cotisations sont d\u00e9ductibles d&rsquo;imp\u00f4t.\u00a0 Num\u00e9ro d&rsquo;enregistrement de bienfaisance: 88937 9194 RR0001. Chaque ann\u00e9e, la Fondation pour l&rsquo;\u00e9ducation&#8230;<\/p>\n","protected":false},"author":1,"featured_media":0,"parent":0,"menu_order":0,"comment_status":"closed","ping_status":"closed","template":"","meta":{"footnotes":""},"class_list":["post-159","page","type-page","status-publish","hentry"],"yoast_head":"<!-- This site is optimized with the Yoast SEO plugin v19.9 - https:\/\/yoast.com\/wordpress\/plugins\/seo\/ -->\n<title>Comment faire un don | Fondation pour l\u2019\u00e9ducation de l\u2019ACEP<\/title>\n<meta name=\"robots\" content=\"index, follow, max-snippet:-1, max-image-preview:large, max-video-preview:-1\" \/>\n<link rel=\"canonical\" href=\"https:\/\/foundation.exparl.ca\/fr\/comment-faire-un-don\/\" \/>\n<meta property=\"og:locale\" content=\"fr_FR\" \/>\n<meta property=\"og:type\" content=\"article\" \/>\n<meta property=\"og:title\" content=\"Comment faire un don | Fondation pour l\u2019\u00e9ducation de l\u2019ACEP\" \/>\n<meta property=\"og:description\" content=\"[vc_row el_class=\u00a0\u00bbinner-container page_panel\u00a0\u00bb][vc_column][vc_column_text]La Fondation pour l\u2019\u00e9ducation de l\u2019ACEP se f\u00e9licite des contributions de particuliers et de soci\u00e9t\u00e9s qui partagent notre d\u00e9sir de renforcer les institutions d\u00e9mocratiques et d&rsquo;encourager les jeunes Canadiens \u00e0 \u00eatre des citoyens plus engag\u00e9s. Les cotisations sont d\u00e9ductibles d&rsquo;imp\u00f4t.\u00a0 Num\u00e9ro d&rsquo;enregistrement de bienfaisance: 88937 9194 RR0001. Chaque ann\u00e9e, la Fondation pour l&rsquo;\u00e9ducation...\" \/>\n<meta property=\"og:url\" content=\"https:\/\/foundation.exparl.ca\/fr\/comment-faire-un-don\/\" \/>\n<meta property=\"og:site_name\" content=\"Fondation pour l\u2019\u00e9ducation de l\u2019ACEP\" \/>\n<meta property=\"article:modified_time\" content=\"2018-07-05T14:29:17+00:00\" \/>\n<meta name=\"twitter:card\" content=\"summary_large_image\" \/>\n<meta name=\"twitter:label1\" content=\"Dur\u00e9e de lecture estim\u00e9e\" \/>\n\t<meta name=\"twitter:data1\" content=\"1 minute\" \/>\n<script type=\"application\/ld+json\" class=\"yoast-schema-graph\">{\"@context\":\"https:\/\/schema.org\",\"@graph\":[{\"@type\":\"WebPage\",\"@id\":\"https:\/\/foundation.exparl.ca\/fr\/comment-faire-un-don\/\",\"url\":\"https:\/\/foundation.exparl.ca\/fr\/comment-faire-un-don\/\",\"name\":\"Comment faire un don | Fondation pour l\u2019\u00e9ducation de l\u2019ACEP\",\"isPartOf\":{\"@id\":\"https:\/\/foundation.exparl.ca\/fr\/#website\"},\"datePublished\":\"2018-06-25T16:19:34+00:00\",\"dateModified\":\"2018-07-05T14:29:17+00:00\",\"breadcrumb\":{\"@id\":\"https:\/\/foundation.exparl.ca\/fr\/comment-faire-un-don\/#breadcrumb\"},\"inLanguage\":\"fr-FR\",\"potentialAction\":[{\"@type\":\"ReadAction\",\"target\":[\"https:\/\/foundation.exparl.ca\/fr\/comment-faire-un-don\/\"]}]},{\"@type\":\"BreadcrumbList\",\"@id\":\"https:\/\/foundation.exparl.ca\/fr\/comment-faire-un-don\/#breadcrumb\",\"itemListElement\":[{\"@type\":\"ListItem\",\"position\":1,\"name\":\"Home\",\"item\":\"https:\/\/foundation.exparl.ca\/fr\/\"},{\"@type\":\"ListItem\",\"position\":2,\"name\":\"Comment faire un don\"}]},{\"@type\":\"WebSite\",\"@id\":\"https:\/\/foundation.exparl.ca\/fr\/#website\",\"url\":\"https:\/\/foundation.exparl.ca\/fr\/\",\"name\":\"Fondation pour l\u2019\u00e9ducation de l\u2019ACEP\",\"description\":\"Fondation pour l\u2019\u00e9ducation de l\u2019ACEP\",\"potentialAction\":[{\"@type\":\"SearchAction\",\"target\":{\"@type\":\"EntryPoint\",\"urlTemplate\":\"https:\/\/foundation.exparl.ca\/fr\/?s={search_term_string}\"},\"query-input\":\"required name=search_term_string\"}],\"inLanguage\":\"fr-FR\"}]}<\/script>\n<!-- \/ Yoast SEO plugin. -->","yoast_head_json":{"title":"Comment faire un don | Fondation pour l\u2019\u00e9ducation de l\u2019ACEP","robots":{"index":"index","follow":"follow","max-snippet":"max-snippet:-1","max-image-preview":"max-image-preview:large","max-video-preview":"max-video-preview:-1"},"canonical":"https:\/\/foundation.exparl.ca\/fr\/comment-faire-un-don\/","og_locale":"fr_FR","og_type":"article","og_title":"Comment faire un don | Fondation pour l\u2019\u00e9ducation de l\u2019ACEP","og_description":"[vc_row el_class=\u00a0\u00bbinner-container page_panel\u00a0\u00bb][vc_column][vc_column_text]La Fondation pour l\u2019\u00e9ducation de l\u2019ACEP se f\u00e9licite des contributions de particuliers et de soci\u00e9t\u00e9s qui partagent notre d\u00e9sir de renforcer les institutions d\u00e9mocratiques et d&rsquo;encourager les jeunes Canadiens \u00e0 \u00eatre des citoyens plus engag\u00e9s. Les cotisations sont d\u00e9ductibles d&rsquo;imp\u00f4t.\u00a0 Num\u00e9ro d&rsquo;enregistrement de bienfaisance: 88937 9194 RR0001. Chaque ann\u00e9e, la Fondation pour l&rsquo;\u00e9ducation...","og_url":"https:\/\/foundation.exparl.ca\/fr\/comment-faire-un-don\/","og_site_name":"Fondation pour l\u2019\u00e9ducation de l\u2019ACEP","article_modified_time":"2018-07-05T14:29:17+00:00","twitter_card":"summary_large_image","twitter_misc":{"Dur\u00e9e de lecture estim\u00e9e":"1 minute"},"schema":{"@context":"https:\/\/schema.org","@graph":[{"@type":"WebPage","@id":"https:\/\/foundation.exparl.ca\/fr\/comment-faire-un-don\/","url":"https:\/\/foundation.exparl.ca\/fr\/comment-faire-un-don\/","name":"Comment faire un don | Fondation pour l\u2019\u00e9ducation de l\u2019ACEP","isPartOf":{"@id":"https:\/\/foundation.exparl.ca\/fr\/#website"},"datePublished":"2018-06-25T16:19:34+00:00","dateModified":"2018-07-05T14:29:17+00:00","breadcrumb":{"@id":"https:\/\/foundation.exparl.ca\/fr\/comment-faire-un-don\/#breadcrumb"},"inLanguage":"fr-FR","potentialAction":[{"@type":"ReadAction","target":["https:\/\/foundation.exparl.ca\/fr\/comment-faire-un-don\/"]}]},{"@type":"BreadcrumbList","@id":"https:\/\/foundation.exparl.ca\/fr\/comment-faire-un-don\/#breadcrumb","itemListElement":[{"@type":"ListItem","position":1,"name":"Home","item":"https:\/\/foundation.exparl.ca\/fr\/"},{"@type":"ListItem","position":2,"name":"Comment faire un don"}]},{"@type":"WebSite","@id":"https:\/\/foundation.exparl.ca\/fr\/#website","url":"https:\/\/foundation.exparl.ca\/fr\/","name":"Fondation pour l\u2019\u00e9ducation de l\u2019ACEP","description":"Fondation pour l\u2019\u00e9ducation de l\u2019ACEP","potentialAction":[{"@type":"SearchAction","target":{"@type":"EntryPoint","urlTemplate":"https:\/\/foundation.exparl.ca\/fr\/?s={search_term_string}"},"query-input":"required name=search_term_string"}],"inLanguage":"fr-FR"}]}},"_links":{"self":[{"href":"https:\/\/foundation.exparl.ca\/fr\/wp-json\/wp\/v2\/pages\/159","targetHints":{"allow":["GET"]}}],"collection":[{"href":"https:\/\/foundation.exparl.ca\/fr\/wp-json\/wp\/v2\/pages"}],"about":[{"href":"https:\/\/foundation.exparl.ca\/fr\/wp-json\/wp\/v2\/types\/page"}],"author":[{"embeddable":true,"href":"https:\/\/foundation.exparl.ca\/fr\/wp-json\/wp\/v2\/users\/1"}],"replies":[{"embeddable":true,"href":"https:\/\/foundation.exparl.ca\/fr\/wp-json\/wp\/v2\/comments?post=159"}],"version-history":[{"count":0,"href":"https:\/\/foundation.exparl.ca\/fr\/wp-json\/wp\/v2\/pages\/159\/revisions"}],"wp:attachment":[{"href":"https:\/\/foundation.exparl.ca\/fr\/wp-json\/wp\/v2\/media?parent=159"}],"curies":[{"name":"wp","href":"https:\/\/api.w.org\/{rel}","templated":true}]}}