{"id":156,"date":"2018-06-25T10:41:10","date_gmt":"2018-06-25T14:41:10","guid":{"rendered":"https:\/\/foundation.exparl.ca\/ce-que-nous-financons\/how-to-apply\/"},"modified":"2018-06-29T10:28:12","modified_gmt":"2018-06-29T14:28:12","slug":"comment-faire-une-demande","status":"publish","type":"page","link":"https:\/\/foundation.exparl.ca\/fr\/ce-que-nous-financons\/comment-faire-une-demande\/","title":{"rendered":"Comment faire une demande"},"content":{"rendered":"<section class=\"wpb-content-wrapper\"><p>[vc_row el_class=\u00a0\u00bbinner-container page_panel\u00a0\u00bb][vc_column][vc_column_text]La Fondation pour l&rsquo;\u00e9ducation a \u00e9t\u00e9 cr\u00e9\u00e9e pour lever des fonds, fournir des experts et des conf\u00e9renciers et favoriser de fa\u00e7on g\u00e9n\u00e9rale la d\u00e9mocratie et la bonne gouvernance au Canada et dans le monde. Pour remplir ces mandats, l\u2019ACEP et sa Fondation pour l&rsquo;\u00e9ducation financent ou commanditent des projets, versent des bourses d\u2019\u00e9tude ou entrent dans des partenariats. Pour demander des fonds aux fins d\u2019un projet, svp remplir le formulaire de demande de fonds.[\/vc_column_text][vc_row_inner el_class=\u00a0\u00bbcalltoaction_btn_center_panel\u00a0\u00bb][vc_column_inner][vc_raw_html]JTVCY2FsbF90b19hY3Rpb25fYnV0dG9uJTIwdXJsJTNEJTIyJTJGd3AtY29udGVudCUyRnVwbG9hZHMlMkYyMDE4JTJGMDYlMkZGb3VuZGF0aW9uX0Z1bmRpbmctUmVxdWVzdC1Gb3JtLWYucGRmJTIyJTIwdGl0bGUlM0QlMjJGb3JtdWxhaXJlJTIwZGUlMjBkZW1hbmRlJTIwZGUlMjBmb25kcyUyMiUyMGNvbG9yJTNEJTIyMmEzZDU4JTIyJTIwdGFyZ2V0JTNEJTIyX2JsYW5rJTIyJTVEJTVCJTJGY2FsbF90b19hY3Rpb25fYnV0dG9uJTVE[\/vc_raw_html][\/vc_column_inner][\/vc_row_inner][\/vc_column][\/vc_row]<\/p>\n<\/section>","protected":false},"excerpt":{"rendered":"<p>[vc_row el_class=\u00a0\u00bbinner-container page_panel\u00a0\u00bb][vc_column][vc_column_text]La Fondation pour l&rsquo;\u00e9ducation a \u00e9t\u00e9 cr\u00e9\u00e9e pour lever des fonds, fournir des experts et des conf\u00e9renciers et favoriser de fa\u00e7on g\u00e9n\u00e9rale la d\u00e9mocratie et la bonne gouvernance au Canada et dans le monde. Pour remplir ces mandats, l\u2019ACEP et sa Fondation pour l&rsquo;\u00e9ducation financent ou commanditent des projets, versent des bourses d\u2019\u00e9tude&#8230;<\/p>\n","protected":false},"author":1,"featured_media":0,"parent":136,"menu_order":0,"comment_status":"closed","ping_status":"closed","template":"","meta":{"footnotes":""},"class_list":["post-156","page","type-page","status-publish","hentry"],"yoast_head":"<!-- This site is optimized with the Yoast SEO plugin v19.9 - https:\/\/yoast.com\/wordpress\/plugins\/seo\/ -->\n<title>Comment faire une demande | Fondation pour l\u2019\u00e9ducation de l\u2019ACEP<\/title>\n<meta name=\"robots\" content=\"index, follow, max-snippet:-1, max-image-preview:large, max-video-preview:-1\" \/>\n<link rel=\"canonical\" href=\"https:\/\/foundation.exparl.ca\/fr\/ce-que-nous-financons\/comment-faire-une-demande\/\" \/>\n<meta property=\"og:locale\" content=\"fr_FR\" \/>\n<meta property=\"og:type\" content=\"article\" \/>\n<meta property=\"og:title\" content=\"Comment faire une demande | Fondation pour l\u2019\u00e9ducation de l\u2019ACEP\" \/>\n<meta property=\"og:description\" content=\"[vc_row el_class=\u00a0\u00bbinner-container page_panel\u00a0\u00bb][vc_column][vc_column_text]La Fondation pour l&rsquo;\u00e9ducation a \u00e9t\u00e9 cr\u00e9\u00e9e pour lever des fonds, fournir des experts et des conf\u00e9renciers et favoriser de fa\u00e7on g\u00e9n\u00e9rale la d\u00e9mocratie et la bonne gouvernance au Canada et dans le monde. Pour remplir ces mandats, l\u2019ACEP et sa Fondation pour l&rsquo;\u00e9ducation financent ou commanditent des projets, versent des bourses d\u2019\u00e9tude...\" \/>\n<meta property=\"og:url\" content=\"https:\/\/foundation.exparl.ca\/fr\/ce-que-nous-financons\/comment-faire-une-demande\/\" \/>\n<meta property=\"og:site_name\" content=\"Fondation pour l\u2019\u00e9ducation de l\u2019ACEP\" \/>\n<meta property=\"article:modified_time\" content=\"2018-06-29T14:28:12+00:00\" \/>\n<meta name=\"twitter:card\" content=\"summary_large_image\" \/>\n<meta name=\"twitter:label1\" content=\"Dur\u00e9e de lecture estim\u00e9e\" \/>\n\t<meta name=\"twitter:data1\" content=\"1 minute\" \/>\n<script type=\"application\/ld+json\" class=\"yoast-schema-graph\">{\"@context\":\"https:\/\/schema.org\",\"@graph\":[{\"@type\":\"WebPage\",\"@id\":\"https:\/\/foundation.exparl.ca\/fr\/ce-que-nous-financons\/comment-faire-une-demande\/\",\"url\":\"https:\/\/foundation.exparl.ca\/fr\/ce-que-nous-financons\/comment-faire-une-demande\/\",\"name\":\"Comment faire une demande | Fondation pour l\u2019\u00e9ducation de l\u2019ACEP\",\"isPartOf\":{\"@id\":\"https:\/\/foundation.exparl.ca\/fr\/#website\"},\"datePublished\":\"2018-06-25T14:41:10+00:00\",\"dateModified\":\"2018-06-29T14:28:12+00:00\",\"breadcrumb\":{\"@id\":\"https:\/\/foundation.exparl.ca\/fr\/ce-que-nous-financons\/comment-faire-une-demande\/#breadcrumb\"},\"inLanguage\":\"fr-FR\",\"potentialAction\":[{\"@type\":\"ReadAction\",\"target\":[\"https:\/\/foundation.exparl.ca\/fr\/ce-que-nous-financons\/comment-faire-une-demande\/\"]}]},{\"@type\":\"BreadcrumbList\",\"@id\":\"https:\/\/foundation.exparl.ca\/fr\/ce-que-nous-financons\/comment-faire-une-demande\/#breadcrumb\",\"itemListElement\":[{\"@type\":\"ListItem\",\"position\":1,\"name\":\"Home\",\"item\":\"https:\/\/foundation.exparl.ca\/fr\/\"},{\"@type\":\"ListItem\",\"position\":2,\"name\":\"Ce que nous finan\u00e7ons\",\"item\":\"https:\/\/foundation.exparl.ca\/fr\/ce-que-nous-financons\/\"},{\"@type\":\"ListItem\",\"position\":3,\"name\":\"Comment faire une demande\"}]},{\"@type\":\"WebSite\",\"@id\":\"https:\/\/foundation.exparl.ca\/fr\/#website\",\"url\":\"https:\/\/foundation.exparl.ca\/fr\/\",\"name\":\"Fondation pour l\u2019\u00e9ducation de l\u2019ACEP\",\"description\":\"Fondation pour l\u2019\u00e9ducation de l\u2019ACEP\",\"potentialAction\":[{\"@type\":\"SearchAction\",\"target\":{\"@type\":\"EntryPoint\",\"urlTemplate\":\"https:\/\/foundation.exparl.ca\/fr\/?s={search_term_string}\"},\"query-input\":\"required name=search_term_string\"}],\"inLanguage\":\"fr-FR\"}]}<\/script>\n<!-- \/ Yoast SEO plugin. -->","yoast_head_json":{"title":"Comment faire une demande | Fondation pour l\u2019\u00e9ducation de l\u2019ACEP","robots":{"index":"index","follow":"follow","max-snippet":"max-snippet:-1","max-image-preview":"max-image-preview:large","max-video-preview":"max-video-preview:-1"},"canonical":"https:\/\/foundation.exparl.ca\/fr\/ce-que-nous-financons\/comment-faire-une-demande\/","og_locale":"fr_FR","og_type":"article","og_title":"Comment faire une demande | Fondation pour l\u2019\u00e9ducation de l\u2019ACEP","og_description":"[vc_row el_class=\u00a0\u00bbinner-container page_panel\u00a0\u00bb][vc_column][vc_column_text]La Fondation pour l&rsquo;\u00e9ducation a \u00e9t\u00e9 cr\u00e9\u00e9e pour lever des fonds, fournir des experts et des conf\u00e9renciers et favoriser de fa\u00e7on g\u00e9n\u00e9rale la d\u00e9mocratie et la bonne gouvernance au Canada et dans le monde. Pour remplir ces mandats, l\u2019ACEP et sa Fondation pour l&rsquo;\u00e9ducation financent ou commanditent des projets, versent des bourses d\u2019\u00e9tude...","og_url":"https:\/\/foundation.exparl.ca\/fr\/ce-que-nous-financons\/comment-faire-une-demande\/","og_site_name":"Fondation pour l\u2019\u00e9ducation de l\u2019ACEP","article_modified_time":"2018-06-29T14:28:12+00:00","twitter_card":"summary_large_image","twitter_misc":{"Dur\u00e9e de lecture estim\u00e9e":"1 minute"},"schema":{"@context":"https:\/\/schema.org","@graph":[{"@type":"WebPage","@id":"https:\/\/foundation.exparl.ca\/fr\/ce-que-nous-financons\/comment-faire-une-demande\/","url":"https:\/\/foundation.exparl.ca\/fr\/ce-que-nous-financons\/comment-faire-une-demande\/","name":"Comment faire une demande | Fondation pour l\u2019\u00e9ducation de l\u2019ACEP","isPartOf":{"@id":"https:\/\/foundation.exparl.ca\/fr\/#website"},"datePublished":"2018-06-25T14:41:10+00:00","dateModified":"2018-06-29T14:28:12+00:00","breadcrumb":{"@id":"https:\/\/foundation.exparl.ca\/fr\/ce-que-nous-financons\/comment-faire-une-demande\/#breadcrumb"},"inLanguage":"fr-FR","potentialAction":[{"@type":"ReadAction","target":["https:\/\/foundation.exparl.ca\/fr\/ce-que-nous-financons\/comment-faire-une-demande\/"]}]},{"@type":"BreadcrumbList","@id":"https:\/\/foundation.exparl.ca\/fr\/ce-que-nous-financons\/comment-faire-une-demande\/#breadcrumb","itemListElement":[{"@type":"ListItem","position":1,"name":"Home","item":"https:\/\/foundation.exparl.ca\/fr\/"},{"@type":"ListItem","position":2,"name":"Ce que nous finan\u00e7ons","item":"https:\/\/foundation.exparl.ca\/fr\/ce-que-nous-financons\/"},{"@type":"ListItem","position":3,"name":"Comment faire une demande"}]},{"@type":"WebSite","@id":"https:\/\/foundation.exparl.ca\/fr\/#website","url":"https:\/\/foundation.exparl.ca\/fr\/","name":"Fondation pour l\u2019\u00e9ducation de l\u2019ACEP","description":"Fondation pour l\u2019\u00e9ducation de l\u2019ACEP","potentialAction":[{"@type":"SearchAction","target":{"@type":"EntryPoint","urlTemplate":"https:\/\/foundation.exparl.ca\/fr\/?s={search_term_string}"},"query-input":"required name=search_term_string"}],"inLanguage":"fr-FR"}]}},"_links":{"self":[{"href":"https:\/\/foundation.exparl.ca\/fr\/wp-json\/wp\/v2\/pages\/156","targetHints":{"allow":["GET"]}}],"collection":[{"href":"https:\/\/foundation.exparl.ca\/fr\/wp-json\/wp\/v2\/pages"}],"about":[{"href":"https:\/\/foundation.exparl.ca\/fr\/wp-json\/wp\/v2\/types\/page"}],"author":[{"embeddable":true,"href":"https:\/\/foundation.exparl.ca\/fr\/wp-json\/wp\/v2\/users\/1"}],"replies":[{"embeddable":true,"href":"https:\/\/foundation.exparl.ca\/fr\/wp-json\/wp\/v2\/comments?post=156"}],"version-history":[{"count":0,"href":"https:\/\/foundation.exparl.ca\/fr\/wp-json\/wp\/v2\/pages\/156\/revisions"}],"up":[{"embeddable":true,"href":"https:\/\/foundation.exparl.ca\/fr\/wp-json\/wp\/v2\/pages\/136"}],"wp:attachment":[{"href":"https:\/\/foundation.exparl.ca\/fr\/wp-json\/wp\/v2\/media?parent=156"}],"curies":[{"name":"wp","href":"https:\/\/api.w.org\/{rel}","templated":true}]}}