{"id":153,"date":"2018-06-25T10:01:18","date_gmt":"2018-06-25T14:01:18","guid":{"rendered":"https:\/\/foundation.exparl.ca\/ce-que-nous-financons\/recipients\/"},"modified":"2018-06-29T10:25:21","modified_gmt":"2018-06-29T14:25:21","slug":"recipiendaires","status":"publish","type":"page","link":"https:\/\/foundation.exparl.ca\/fr\/ce-que-nous-financons\/recipiendaires\/","title":{"rendered":"R\u00e9cipiendaires"},"content":{"rendered":"<section class=\"wpb-content-wrapper\"><p>[vc_row el_class=\u00a0\u00bbinner-container page_panel\u00a0\u00bb][vc_column][vc_column_text]La Fondation pour l\u2019\u00e9ducation de l\u2019ACEP finance actuellement les organismes et programmes \u00e0 but non lucratif suivants\u00a0:<\/p>\n<h2><strong>CIVIX<\/strong><\/h2>\n<p>CIVIX est un organisme national de bienfaisance enregistr\u00e9 et non partisan vou\u00e9 \u00e0 la promotion de la mobilisation citoyenne aupr\u00e8s des jeunes Canadiens. Notre vision est celle d\u2019une d\u00e9mocratie solide et inclusive \u00e0 laquelle les jeunes sont pr\u00eats, dispos\u00e9s et aptes \u00e0 participer.<\/p>\n<h2><strong>Forum pour jeunes Canadiens<\/strong><\/h2>\n<p>Le Forum pour jeunes Canadiens est un programme d\u2019une semaine qui se tient trois fois par ann\u00e9e \u00e0 Ottawa. Durant chaque session, des jeunes de 15 \u00e0 19 ans d\u00e9couvrent la politique f\u00e9d\u00e9rale et provinciale dans le contexte canadien gr\u00e2ce \u00e0 des activit\u00e9s et \u00e0 des pr\u00e9sentations sur la politique, la gestion publique et le commerce international.<\/p>\n<h2><strong>Programme des stagiaires parlementaires<\/strong><\/h2>\n<p>Chaque ann\u00e9e depuis 1970, le Programme des stagiaires parlementaires accueille de septembre \u00e0 juin dix jeunes professionnels sur la Colline du Parlement. Les stagiaires, qui occupent des fonctions non partisanes et r\u00e9mun\u00e9r\u00e9es, sont s\u00e9lectionn\u00e9s \u00e0 l\u2019issue d\u2019un concours national. Chaque stagiaire travaille \u00e0 plein temps pour un d\u00e9put\u00e9 de l\u2019opposition et un d\u00e9put\u00e9 minist\u00e9riel. Pendant leurs stages, les jeunes professionnels rencontrent des d\u00e9cideurs de haut niveau, des diplomates, des journalistes, des chercheurs, des politiciens et des leaders de la soci\u00e9t\u00e9 civile. Ils participent \u00e0 des s\u00e9minaires didactiques, r\u00e9digent des th\u00e8ses innovatrices, diffusent leurs connaissances du Parlement aux jeunes Canadiens et font des voyages d\u2019\u00e9tudes l\u00e9gislatives au Qu\u00e9bec, \u00e0 Bruxelles, au Royaume-Uni, aux \u00c9tats-Unis et au Nunavut.<\/p>\n<h2><strong>Forum des enseignantes et des enseignants sur la d\u00e9mocratie parlementaire <\/strong><\/h2>\n<p>Le Forum des enseignantes et des enseignants offre aux \u00e9ducateurs une occasion de perfectionnement intensif. Les participants\u00a0:<\/p>\n<ul>\n<li>approfondissent leurs connaissances au contact d\u2019experts de la politique, de la proc\u00e9dure et de la p\u00e9dagogie;<\/li>\n<li>discutent de grandes questions li\u00e9es \u00e0 la citoyennet\u00e9 et \u00e0 la d\u00e9mocratie parlementaire;<\/li>\n<li>d\u00e9veloppent des strat\u00e9gies pour transmettre \u00e0 leurs \u00e9l\u00e8ves leur savoir sur le Parlement, la d\u00e9mocratie, la gouvernance et la citoyennet\u00e9;<\/li>\n<li>transposent leur nouveau bagage en classe.<\/li>\n<\/ul>\n<p>Chaque automne, nous avons le plaisir d\u2019organiser le d\u00eener-b\u00e9n\u00e9fice Douglas C. Frith. Pour de plus amples informations ou pour r\u00e9server, veuillez consulter notre page consacr\u00e9e aux activit\u00e9s.[\/vc_column_text][\/vc_column][\/vc_row]<\/p>\n<\/section>","protected":false},"excerpt":{"rendered":"<p>[vc_row el_class=\u00a0\u00bbinner-container page_panel\u00a0\u00bb][vc_column][vc_column_text]La Fondation pour l\u2019\u00e9ducation de l\u2019ACEP finance actuellement les organismes et programmes \u00e0 but non lucratif suivants\u00a0: CIVIX CIVIX est un organisme national de bienfaisance enregistr\u00e9 et non partisan vou\u00e9 \u00e0 la promotion de la mobilisation citoyenne aupr\u00e8s des jeunes Canadiens. Notre vision est celle d\u2019une d\u00e9mocratie solide et inclusive \u00e0 laquelle les&#8230;<\/p>\n","protected":false},"author":1,"featured_media":0,"parent":136,"menu_order":0,"comment_status":"closed","ping_status":"closed","template":"","meta":{"footnotes":""},"class_list":["post-153","page","type-page","status-publish","hentry"],"yoast_head":"<!-- This site is optimized with the Yoast SEO plugin v19.9 - https:\/\/yoast.com\/wordpress\/plugins\/seo\/ -->\n<title>R\u00e9cipiendaires | Fondation pour l\u2019\u00e9ducation de l\u2019ACEP<\/title>\n<meta name=\"robots\" content=\"index, follow, max-snippet:-1, max-image-preview:large, max-video-preview:-1\" \/>\n<link rel=\"canonical\" href=\"https:\/\/foundation.exparl.ca\/fr\/ce-que-nous-financons\/recipiendaires\/\" \/>\n<meta property=\"og:locale\" content=\"fr_FR\" \/>\n<meta property=\"og:type\" content=\"article\" \/>\n<meta property=\"og:title\" content=\"R\u00e9cipiendaires | Fondation pour l\u2019\u00e9ducation de l\u2019ACEP\" \/>\n<meta property=\"og:description\" content=\"[vc_row el_class=\u00a0\u00bbinner-container page_panel\u00a0\u00bb][vc_column][vc_column_text]La Fondation pour l\u2019\u00e9ducation de l\u2019ACEP finance actuellement les organismes et programmes \u00e0 but non lucratif suivants\u00a0: CIVIX CIVIX est un organisme national de bienfaisance enregistr\u00e9 et non partisan vou\u00e9 \u00e0 la promotion de la mobilisation citoyenne aupr\u00e8s des jeunes Canadiens. Notre vision est celle d\u2019une d\u00e9mocratie solide et inclusive \u00e0 laquelle les...\" \/>\n<meta property=\"og:url\" content=\"https:\/\/foundation.exparl.ca\/fr\/ce-que-nous-financons\/recipiendaires\/\" \/>\n<meta property=\"og:site_name\" content=\"Fondation pour l\u2019\u00e9ducation de l\u2019ACEP\" \/>\n<meta property=\"article:modified_time\" content=\"2018-06-29T14:25:21+00:00\" \/>\n<meta name=\"twitter:card\" content=\"summary_large_image\" \/>\n<meta name=\"twitter:label1\" content=\"Dur\u00e9e de lecture estim\u00e9e\" \/>\n\t<meta name=\"twitter:data1\" content=\"2 minutes\" \/>\n<script type=\"application\/ld+json\" class=\"yoast-schema-graph\">{\"@context\":\"https:\/\/schema.org\",\"@graph\":[{\"@type\":\"WebPage\",\"@id\":\"https:\/\/foundation.exparl.ca\/fr\/ce-que-nous-financons\/recipiendaires\/\",\"url\":\"https:\/\/foundation.exparl.ca\/fr\/ce-que-nous-financons\/recipiendaires\/\",\"name\":\"R\u00e9cipiendaires | Fondation pour l\u2019\u00e9ducation de l\u2019ACEP\",\"isPartOf\":{\"@id\":\"https:\/\/foundation.exparl.ca\/fr\/#website\"},\"datePublished\":\"2018-06-25T14:01:18+00:00\",\"dateModified\":\"2018-06-29T14:25:21+00:00\",\"breadcrumb\":{\"@id\":\"https:\/\/foundation.exparl.ca\/fr\/ce-que-nous-financons\/recipiendaires\/#breadcrumb\"},\"inLanguage\":\"fr-FR\",\"potentialAction\":[{\"@type\":\"ReadAction\",\"target\":[\"https:\/\/foundation.exparl.ca\/fr\/ce-que-nous-financons\/recipiendaires\/\"]}]},{\"@type\":\"BreadcrumbList\",\"@id\":\"https:\/\/foundation.exparl.ca\/fr\/ce-que-nous-financons\/recipiendaires\/#breadcrumb\",\"itemListElement\":[{\"@type\":\"ListItem\",\"position\":1,\"name\":\"Home\",\"item\":\"https:\/\/foundation.exparl.ca\/fr\/\"},{\"@type\":\"ListItem\",\"position\":2,\"name\":\"Ce que nous finan\u00e7ons\",\"item\":\"https:\/\/foundation.exparl.ca\/fr\/ce-que-nous-financons\/\"},{\"@type\":\"ListItem\",\"position\":3,\"name\":\"R\u00e9cipiendaires\"}]},{\"@type\":\"WebSite\",\"@id\":\"https:\/\/foundation.exparl.ca\/fr\/#website\",\"url\":\"https:\/\/foundation.exparl.ca\/fr\/\",\"name\":\"Fondation pour l\u2019\u00e9ducation de l\u2019ACEP\",\"description\":\"Fondation pour l\u2019\u00e9ducation de l\u2019ACEP\",\"potentialAction\":[{\"@type\":\"SearchAction\",\"target\":{\"@type\":\"EntryPoint\",\"urlTemplate\":\"https:\/\/foundation.exparl.ca\/fr\/?s={search_term_string}\"},\"query-input\":\"required name=search_term_string\"}],\"inLanguage\":\"fr-FR\"}]}<\/script>\n<!-- \/ Yoast SEO plugin. -->","yoast_head_json":{"title":"R\u00e9cipiendaires | Fondation pour l\u2019\u00e9ducation de l\u2019ACEP","robots":{"index":"index","follow":"follow","max-snippet":"max-snippet:-1","max-image-preview":"max-image-preview:large","max-video-preview":"max-video-preview:-1"},"canonical":"https:\/\/foundation.exparl.ca\/fr\/ce-que-nous-financons\/recipiendaires\/","og_locale":"fr_FR","og_type":"article","og_title":"R\u00e9cipiendaires | Fondation pour l\u2019\u00e9ducation de l\u2019ACEP","og_description":"[vc_row el_class=\u00a0\u00bbinner-container page_panel\u00a0\u00bb][vc_column][vc_column_text]La Fondation pour l\u2019\u00e9ducation de l\u2019ACEP finance actuellement les organismes et programmes \u00e0 but non lucratif suivants\u00a0: CIVIX CIVIX est un organisme national de bienfaisance enregistr\u00e9 et non partisan vou\u00e9 \u00e0 la promotion de la mobilisation citoyenne aupr\u00e8s des jeunes Canadiens. Notre vision est celle d\u2019une d\u00e9mocratie solide et inclusive \u00e0 laquelle les...","og_url":"https:\/\/foundation.exparl.ca\/fr\/ce-que-nous-financons\/recipiendaires\/","og_site_name":"Fondation pour l\u2019\u00e9ducation de l\u2019ACEP","article_modified_time":"2018-06-29T14:25:21+00:00","twitter_card":"summary_large_image","twitter_misc":{"Dur\u00e9e de lecture estim\u00e9e":"2 minutes"},"schema":{"@context":"https:\/\/schema.org","@graph":[{"@type":"WebPage","@id":"https:\/\/foundation.exparl.ca\/fr\/ce-que-nous-financons\/recipiendaires\/","url":"https:\/\/foundation.exparl.ca\/fr\/ce-que-nous-financons\/recipiendaires\/","name":"R\u00e9cipiendaires | Fondation pour l\u2019\u00e9ducation de l\u2019ACEP","isPartOf":{"@id":"https:\/\/foundation.exparl.ca\/fr\/#website"},"datePublished":"2018-06-25T14:01:18+00:00","dateModified":"2018-06-29T14:25:21+00:00","breadcrumb":{"@id":"https:\/\/foundation.exparl.ca\/fr\/ce-que-nous-financons\/recipiendaires\/#breadcrumb"},"inLanguage":"fr-FR","potentialAction":[{"@type":"ReadAction","target":["https:\/\/foundation.exparl.ca\/fr\/ce-que-nous-financons\/recipiendaires\/"]}]},{"@type":"BreadcrumbList","@id":"https:\/\/foundation.exparl.ca\/fr\/ce-que-nous-financons\/recipiendaires\/#breadcrumb","itemListElement":[{"@type":"ListItem","position":1,"name":"Home","item":"https:\/\/foundation.exparl.ca\/fr\/"},{"@type":"ListItem","position":2,"name":"Ce que nous finan\u00e7ons","item":"https:\/\/foundation.exparl.ca\/fr\/ce-que-nous-financons\/"},{"@type":"ListItem","position":3,"name":"R\u00e9cipiendaires"}]},{"@type":"WebSite","@id":"https:\/\/foundation.exparl.ca\/fr\/#website","url":"https:\/\/foundation.exparl.ca\/fr\/","name":"Fondation pour l\u2019\u00e9ducation de l\u2019ACEP","description":"Fondation pour l\u2019\u00e9ducation de l\u2019ACEP","potentialAction":[{"@type":"SearchAction","target":{"@type":"EntryPoint","urlTemplate":"https:\/\/foundation.exparl.ca\/fr\/?s={search_term_string}"},"query-input":"required name=search_term_string"}],"inLanguage":"fr-FR"}]}},"_links":{"self":[{"href":"https:\/\/foundation.exparl.ca\/fr\/wp-json\/wp\/v2\/pages\/153","targetHints":{"allow":["GET"]}}],"collection":[{"href":"https:\/\/foundation.exparl.ca\/fr\/wp-json\/wp\/v2\/pages"}],"about":[{"href":"https:\/\/foundation.exparl.ca\/fr\/wp-json\/wp\/v2\/types\/page"}],"author":[{"embeddable":true,"href":"https:\/\/foundation.exparl.ca\/fr\/wp-json\/wp\/v2\/users\/1"}],"replies":[{"embeddable":true,"href":"https:\/\/foundation.exparl.ca\/fr\/wp-json\/wp\/v2\/comments?post=153"}],"version-history":[{"count":0,"href":"https:\/\/foundation.exparl.ca\/fr\/wp-json\/wp\/v2\/pages\/153\/revisions"}],"up":[{"embeddable":true,"href":"https:\/\/foundation.exparl.ca\/fr\/wp-json\/wp\/v2\/pages\/136"}],"wp:attachment":[{"href":"https:\/\/foundation.exparl.ca\/fr\/wp-json\/wp\/v2\/media?parent=153"}],"curies":[{"name":"wp","href":"https:\/\/api.w.org\/{rel}","templated":true}]}}