{"id":141,"date":"2018-06-25T09:40:25","date_gmt":"2018-06-25T13:40:25","guid":{"rendered":"https:\/\/foundation.exparl.ca\/a-propos-de-la-fondation\/history-and-purpose\/"},"modified":"2018-06-29T10:11:41","modified_gmt":"2018-06-29T14:11:41","slug":"histoire-et-objectif","status":"publish","type":"page","link":"https:\/\/foundation.exparl.ca\/fr\/a-propos-de-la-fondation\/histoire-et-objectif\/","title":{"rendered":"Histoire et Objectif"},"content":{"rendered":"<section class=\"wpb-content-wrapper\"><p>[vc_row el_class=\u00a0\u00bbinner-container page_panel\u00a0\u00bb][vc_column][vc_column_text]La Fondation pour l&rsquo;\u00e9ducation de l&rsquo;ACEP a pour mission de soutenir les institutions d\u00e9mocratiques au Canada et \u00e0 l&rsquo;\u00e9tranger ainsi que d&rsquo;encourager les jeunes Canadiens \u00e0 devenir des citoyens bien inform\u00e9s et engag\u00e9s.<\/p>\n<p>Il le fait en finan\u00e7ant des organismes sans but lucratif admissibles qui partagent la mission de la Fondation et qui soumettent des propositions qui r\u00e9pondent aux crit\u00e8res de la Fondation. Ces crit\u00e8res sont \u00e9nonc\u00e9s sous \u00ab Ce que nous finan\u00e7ons \u00bb.<\/p>\n<p>La Fondation pour l&rsquo;\u00e9ducation de l&rsquo;ACEP a \u00e9t\u00e9 cr\u00e9\u00e9e en 1993 par l&rsquo;Association canadienne des ex-parlementaires (ACEP), qui repr\u00e9sente les anciens parlementaires et s\u00e9nateurs canadiens et qui partage l&rsquo;objectif de renforcer la d\u00e9mocratie au Canada et dans le monde.<\/p>\n<p>En vertu d&rsquo;une entente d&rsquo;agence entre la Fondation et l&rsquo;Association, les anciens parlementaires canadiens consacrent leur temps et leurs talents \u00e0 la mission et aux objectifs de la Fondation gr\u00e2ce \u00e0 des programmes d\u00e9finis approuv\u00e9s par le conseil d&rsquo;administration de la Fondation.[\/vc_column_text][\/vc_column][\/vc_row]<\/p>\n<\/section>","protected":false},"excerpt":{"rendered":"<p>[vc_row el_class=\u00a0\u00bbinner-container page_panel\u00a0\u00bb][vc_column][vc_column_text]La Fondation pour l&rsquo;\u00e9ducation de l&rsquo;ACEP a pour mission de soutenir les institutions d\u00e9mocratiques au Canada et \u00e0 l&rsquo;\u00e9tranger ainsi que d&rsquo;encourager les jeunes Canadiens \u00e0 devenir des citoyens bien inform\u00e9s et engag\u00e9s. Il le fait en finan\u00e7ant des organismes sans but lucratif admissibles qui partagent la mission de la Fondation et qui&#8230;<\/p>\n","protected":false},"author":1,"featured_media":0,"parent":139,"menu_order":0,"comment_status":"closed","ping_status":"closed","template":"","meta":{"footnotes":""},"class_list":["post-141","page","type-page","status-publish","hentry"],"yoast_head":"<!-- This site is optimized with the Yoast SEO plugin v19.9 - https:\/\/yoast.com\/wordpress\/plugins\/seo\/ -->\n<title>Histoire et Objectif | Fondation pour l\u2019\u00e9ducation de l\u2019ACEP<\/title>\n<meta name=\"robots\" content=\"index, follow, max-snippet:-1, max-image-preview:large, max-video-preview:-1\" \/>\n<link rel=\"canonical\" href=\"https:\/\/foundation.exparl.ca\/fr\/a-propos-de-la-fondation\/histoire-et-objectif\/\" \/>\n<meta property=\"og:locale\" content=\"fr_FR\" \/>\n<meta property=\"og:type\" content=\"article\" \/>\n<meta property=\"og:title\" content=\"Histoire et Objectif | Fondation pour l\u2019\u00e9ducation de l\u2019ACEP\" \/>\n<meta property=\"og:description\" content=\"[vc_row el_class=\u00a0\u00bbinner-container page_panel\u00a0\u00bb][vc_column][vc_column_text]La Fondation pour l&rsquo;\u00e9ducation de l&rsquo;ACEP a pour mission de soutenir les institutions d\u00e9mocratiques au Canada et \u00e0 l&rsquo;\u00e9tranger ainsi que d&rsquo;encourager les jeunes Canadiens \u00e0 devenir des citoyens bien inform\u00e9s et engag\u00e9s. Il le fait en finan\u00e7ant des organismes sans but lucratif admissibles qui partagent la mission de la Fondation et qui...\" \/>\n<meta property=\"og:url\" content=\"https:\/\/foundation.exparl.ca\/fr\/a-propos-de-la-fondation\/histoire-et-objectif\/\" \/>\n<meta property=\"og:site_name\" content=\"Fondation pour l\u2019\u00e9ducation de l\u2019ACEP\" \/>\n<meta property=\"article:modified_time\" content=\"2018-06-29T14:11:41+00:00\" \/>\n<meta name=\"twitter:card\" content=\"summary_large_image\" \/>\n<meta name=\"twitter:label1\" content=\"Dur\u00e9e de lecture estim\u00e9e\" \/>\n\t<meta name=\"twitter:data1\" content=\"1 minute\" \/>\n<script type=\"application\/ld+json\" class=\"yoast-schema-graph\">{\"@context\":\"https:\/\/schema.org\",\"@graph\":[{\"@type\":\"WebPage\",\"@id\":\"https:\/\/foundation.exparl.ca\/fr\/a-propos-de-la-fondation\/histoire-et-objectif\/\",\"url\":\"https:\/\/foundation.exparl.ca\/fr\/a-propos-de-la-fondation\/histoire-et-objectif\/\",\"name\":\"Histoire et Objectif | Fondation pour l\u2019\u00e9ducation de l\u2019ACEP\",\"isPartOf\":{\"@id\":\"https:\/\/foundation.exparl.ca\/fr\/#website\"},\"datePublished\":\"2018-06-25T13:40:25+00:00\",\"dateModified\":\"2018-06-29T14:11:41+00:00\",\"breadcrumb\":{\"@id\":\"https:\/\/foundation.exparl.ca\/fr\/a-propos-de-la-fondation\/histoire-et-objectif\/#breadcrumb\"},\"inLanguage\":\"fr-FR\",\"potentialAction\":[{\"@type\":\"ReadAction\",\"target\":[\"https:\/\/foundation.exparl.ca\/fr\/a-propos-de-la-fondation\/histoire-et-objectif\/\"]}]},{\"@type\":\"BreadcrumbList\",\"@id\":\"https:\/\/foundation.exparl.ca\/fr\/a-propos-de-la-fondation\/histoire-et-objectif\/#breadcrumb\",\"itemListElement\":[{\"@type\":\"ListItem\",\"position\":1,\"name\":\"Home\",\"item\":\"https:\/\/foundation.exparl.ca\/fr\/\"},{\"@type\":\"ListItem\",\"position\":2,\"name\":\"\u00c0 propos de la fondation\",\"item\":\"https:\/\/foundation.exparl.ca\/fr\/a-propos-de-la-fondation\/\"},{\"@type\":\"ListItem\",\"position\":3,\"name\":\"Histoire et Objectif\"}]},{\"@type\":\"WebSite\",\"@id\":\"https:\/\/foundation.exparl.ca\/fr\/#website\",\"url\":\"https:\/\/foundation.exparl.ca\/fr\/\",\"name\":\"Fondation pour l\u2019\u00e9ducation de l\u2019ACEP\",\"description\":\"Fondation pour l\u2019\u00e9ducation de l\u2019ACEP\",\"potentialAction\":[{\"@type\":\"SearchAction\",\"target\":{\"@type\":\"EntryPoint\",\"urlTemplate\":\"https:\/\/foundation.exparl.ca\/fr\/?s={search_term_string}\"},\"query-input\":\"required name=search_term_string\"}],\"inLanguage\":\"fr-FR\"}]}<\/script>\n<!-- \/ Yoast SEO plugin. -->","yoast_head_json":{"title":"Histoire et Objectif | Fondation pour l\u2019\u00e9ducation de l\u2019ACEP","robots":{"index":"index","follow":"follow","max-snippet":"max-snippet:-1","max-image-preview":"max-image-preview:large","max-video-preview":"max-video-preview:-1"},"canonical":"https:\/\/foundation.exparl.ca\/fr\/a-propos-de-la-fondation\/histoire-et-objectif\/","og_locale":"fr_FR","og_type":"article","og_title":"Histoire et Objectif | Fondation pour l\u2019\u00e9ducation de l\u2019ACEP","og_description":"[vc_row el_class=\u00a0\u00bbinner-container page_panel\u00a0\u00bb][vc_column][vc_column_text]La Fondation pour l&rsquo;\u00e9ducation de l&rsquo;ACEP a pour mission de soutenir les institutions d\u00e9mocratiques au Canada et \u00e0 l&rsquo;\u00e9tranger ainsi que d&rsquo;encourager les jeunes Canadiens \u00e0 devenir des citoyens bien inform\u00e9s et engag\u00e9s. Il le fait en finan\u00e7ant des organismes sans but lucratif admissibles qui partagent la mission de la Fondation et qui...","og_url":"https:\/\/foundation.exparl.ca\/fr\/a-propos-de-la-fondation\/histoire-et-objectif\/","og_site_name":"Fondation pour l\u2019\u00e9ducation de l\u2019ACEP","article_modified_time":"2018-06-29T14:11:41+00:00","twitter_card":"summary_large_image","twitter_misc":{"Dur\u00e9e de lecture estim\u00e9e":"1 minute"},"schema":{"@context":"https:\/\/schema.org","@graph":[{"@type":"WebPage","@id":"https:\/\/foundation.exparl.ca\/fr\/a-propos-de-la-fondation\/histoire-et-objectif\/","url":"https:\/\/foundation.exparl.ca\/fr\/a-propos-de-la-fondation\/histoire-et-objectif\/","name":"Histoire et Objectif | Fondation pour l\u2019\u00e9ducation de l\u2019ACEP","isPartOf":{"@id":"https:\/\/foundation.exparl.ca\/fr\/#website"},"datePublished":"2018-06-25T13:40:25+00:00","dateModified":"2018-06-29T14:11:41+00:00","breadcrumb":{"@id":"https:\/\/foundation.exparl.ca\/fr\/a-propos-de-la-fondation\/histoire-et-objectif\/#breadcrumb"},"inLanguage":"fr-FR","potentialAction":[{"@type":"ReadAction","target":["https:\/\/foundation.exparl.ca\/fr\/a-propos-de-la-fondation\/histoire-et-objectif\/"]}]},{"@type":"BreadcrumbList","@id":"https:\/\/foundation.exparl.ca\/fr\/a-propos-de-la-fondation\/histoire-et-objectif\/#breadcrumb","itemListElement":[{"@type":"ListItem","position":1,"name":"Home","item":"https:\/\/foundation.exparl.ca\/fr\/"},{"@type":"ListItem","position":2,"name":"\u00c0 propos de la fondation","item":"https:\/\/foundation.exparl.ca\/fr\/a-propos-de-la-fondation\/"},{"@type":"ListItem","position":3,"name":"Histoire et Objectif"}]},{"@type":"WebSite","@id":"https:\/\/foundation.exparl.ca\/fr\/#website","url":"https:\/\/foundation.exparl.ca\/fr\/","name":"Fondation pour l\u2019\u00e9ducation de l\u2019ACEP","description":"Fondation pour l\u2019\u00e9ducation de l\u2019ACEP","potentialAction":[{"@type":"SearchAction","target":{"@type":"EntryPoint","urlTemplate":"https:\/\/foundation.exparl.ca\/fr\/?s={search_term_string}"},"query-input":"required name=search_term_string"}],"inLanguage":"fr-FR"}]}},"_links":{"self":[{"href":"https:\/\/foundation.exparl.ca\/fr\/wp-json\/wp\/v2\/pages\/141","targetHints":{"allow":["GET"]}}],"collection":[{"href":"https:\/\/foundation.exparl.ca\/fr\/wp-json\/wp\/v2\/pages"}],"about":[{"href":"https:\/\/foundation.exparl.ca\/fr\/wp-json\/wp\/v2\/types\/page"}],"author":[{"embeddable":true,"href":"https:\/\/foundation.exparl.ca\/fr\/wp-json\/wp\/v2\/users\/1"}],"replies":[{"embeddable":true,"href":"https:\/\/foundation.exparl.ca\/fr\/wp-json\/wp\/v2\/comments?post=141"}],"version-history":[{"count":0,"href":"https:\/\/foundation.exparl.ca\/fr\/wp-json\/wp\/v2\/pages\/141\/revisions"}],"up":[{"embeddable":true,"href":"https:\/\/foundation.exparl.ca\/fr\/wp-json\/wp\/v2\/pages\/139"}],"wp:attachment":[{"href":"https:\/\/foundation.exparl.ca\/fr\/wp-json\/wp\/v2\/media?parent=141"}],"curies":[{"name":"wp","href":"https:\/\/api.w.org\/{rel}","templated":true}]}}