{"id":139,"date":"2018-05-11T13:14:18","date_gmt":"2018-05-11T17:14:18","guid":{"rendered":"https:\/\/foundation.exparl.ca\/about-the-foundation\/"},"modified":"2018-07-05T10:28:25","modified_gmt":"2018-07-05T14:28:25","slug":"a-propos-de-la-fondation","status":"publish","type":"page","link":"https:\/\/foundation.exparl.ca\/fr\/a-propos-de-la-fondation\/","title":{"rendered":"\u00c0 propos de la fondation"},"content":{"rendered":"<section class=\"wpb-content-wrapper\"><p>[vc_row el_class=\u00a0\u00bbinner-container page_panel\u00a0\u00bb][vc_column][vc_column_text]Les membres de l\u2019ACEP contribuent aux activit\u00e9s de l\u2019organisation en versant une cotisation annuelle modique. Ils peuvent \u00e9galement lui donner de leur temps en participant b\u00e9n\u00e9volement aux programmes de l\u2019ACEP. La quasi-totalit\u00e9 des sommes vers\u00e9es \u00e0 la Fondation vont directement \u00e0 ses activit\u00e9s et peuvent faire l\u2019objet de re\u00e7us \u00e0 des fins fiscales.<\/p>\n<p>Gr\u00e2ce aux dons faits \u00e0 la Fondation, les membres de l\u2019Association ont pu parler \u00e0 des \u00e9l\u00e8ves et \u00e0 des \u00e9tudiants d\u2019universit\u00e9s de partout au Canada et m\u00eame aux \u00c9tats-Unis. Les dons aident aussi l\u2019ACEP \u00e0 promouvoir la d\u00e9mocratie dans des pays tels que l\u2019Irak, le B\u00e9larus, le Kazakhstan, Ha\u00efti, le Soudan, la Tunisie, le Maroc, le Sri Lanka, l\u2019Ukraine, le Cambodge, l\u2019Indon\u00e9sie et bien d\u2019autres.<\/p>\n<p>Peu importe le type de mission, d\u2019allocution ou de programme, l\u2019ACEP travaille \u00e0 ce que ses membres puissent renforcer le processus d\u00e9mocratique de notre pays et faire conna\u00eetre aux peuples du monde entier la vision canadienne de la d\u00e9mocratie.[\/vc_column_text][vc_row_inner el_class=\u00a0\u00bbcalltoaction_btn_center_panel\u00a0\u00bb][vc_column_inner][vc_raw_html]JTVCY2FsbF90b19hY3Rpb25fYnV0dG9uJTIwdXJsJTNEJTIyJTJGZnIlMkZjZS1xdWUtbm91cy1maW5hbmNvbnMlMkYlMjIlMjB0aXRsZSUzRCUyMkNlJTIwcXVlJTIwbm91cyUyMGZpbmFuJUMzJUE3b25zJTIyJTIwY29sb3IlM0QlMjIyYTNkNTglMjIlNUQlNUIlMkZjYWxsX3RvX2FjdGlvbl9idXR0b24lNUQ=[\/vc_raw_html][\/vc_column_inner][\/vc_row_inner][\/vc_column][\/vc_row]<\/p>\n<\/section>","protected":false},"excerpt":{"rendered":"<p>[vc_row el_class=\u00a0\u00bbinner-container page_panel\u00a0\u00bb][vc_column][vc_column_text]Les membres de l\u2019ACEP contribuent aux activit\u00e9s de l\u2019organisation en versant une cotisation annuelle modique. Ils peuvent \u00e9galement lui donner de leur temps en participant b\u00e9n\u00e9volement aux programmes de l\u2019ACEP. La quasi-totalit\u00e9 des sommes vers\u00e9es \u00e0 la Fondation vont directement \u00e0 ses activit\u00e9s et peuvent faire l\u2019objet de re\u00e7us \u00e0 des fins fiscales&#8230;.<\/p>\n","protected":false},"author":1,"featured_media":0,"parent":0,"menu_order":0,"comment_status":"closed","ping_status":"closed","template":"","meta":{"footnotes":""},"class_list":["post-139","page","type-page","status-publish","hentry"],"yoast_head":"<!-- This site is optimized with the Yoast SEO plugin v19.9 - https:\/\/yoast.com\/wordpress\/plugins\/seo\/ -->\n<title>\u00c0 propos de la fondation | Fondation pour l\u2019\u00e9ducation de l\u2019ACEP<\/title>\n<meta name=\"robots\" content=\"index, follow, max-snippet:-1, max-image-preview:large, max-video-preview:-1\" \/>\n<link rel=\"canonical\" href=\"https:\/\/foundation.exparl.ca\/fr\/a-propos-de-la-fondation\/\" \/>\n<meta property=\"og:locale\" content=\"fr_FR\" \/>\n<meta property=\"og:type\" content=\"article\" \/>\n<meta property=\"og:title\" content=\"\u00c0 propos de la fondation | Fondation pour l\u2019\u00e9ducation de l\u2019ACEP\" \/>\n<meta property=\"og:description\" content=\"[vc_row el_class=\u00a0\u00bbinner-container page_panel\u00a0\u00bb][vc_column][vc_column_text]Les membres de l\u2019ACEP contribuent aux activit\u00e9s de l\u2019organisation en versant une cotisation annuelle modique. Ils peuvent \u00e9galement lui donner de leur temps en participant b\u00e9n\u00e9volement aux programmes de l\u2019ACEP. La quasi-totalit\u00e9 des sommes vers\u00e9es \u00e0 la Fondation vont directement \u00e0 ses activit\u00e9s et peuvent faire l\u2019objet de re\u00e7us \u00e0 des fins fiscales....\" \/>\n<meta property=\"og:url\" content=\"https:\/\/foundation.exparl.ca\/fr\/a-propos-de-la-fondation\/\" \/>\n<meta property=\"og:site_name\" content=\"Fondation pour l\u2019\u00e9ducation de l\u2019ACEP\" \/>\n<meta property=\"article:modified_time\" content=\"2018-07-05T14:28:25+00:00\" \/>\n<meta name=\"twitter:card\" content=\"summary_large_image\" \/>\n<meta name=\"twitter:label1\" content=\"Dur\u00e9e de lecture estim\u00e9e\" \/>\n\t<meta name=\"twitter:data1\" content=\"1 minute\" \/>\n<script type=\"application\/ld+json\" class=\"yoast-schema-graph\">{\"@context\":\"https:\/\/schema.org\",\"@graph\":[{\"@type\":\"WebPage\",\"@id\":\"https:\/\/foundation.exparl.ca\/fr\/a-propos-de-la-fondation\/\",\"url\":\"https:\/\/foundation.exparl.ca\/fr\/a-propos-de-la-fondation\/\",\"name\":\"\u00c0 propos de la fondation | Fondation pour l\u2019\u00e9ducation de l\u2019ACEP\",\"isPartOf\":{\"@id\":\"https:\/\/foundation.exparl.ca\/fr\/#website\"},\"datePublished\":\"2018-05-11T17:14:18+00:00\",\"dateModified\":\"2018-07-05T14:28:25+00:00\",\"breadcrumb\":{\"@id\":\"https:\/\/foundation.exparl.ca\/fr\/a-propos-de-la-fondation\/#breadcrumb\"},\"inLanguage\":\"fr-FR\",\"potentialAction\":[{\"@type\":\"ReadAction\",\"target\":[\"https:\/\/foundation.exparl.ca\/fr\/a-propos-de-la-fondation\/\"]}]},{\"@type\":\"BreadcrumbList\",\"@id\":\"https:\/\/foundation.exparl.ca\/fr\/a-propos-de-la-fondation\/#breadcrumb\",\"itemListElement\":[{\"@type\":\"ListItem\",\"position\":1,\"name\":\"Home\",\"item\":\"https:\/\/foundation.exparl.ca\/fr\/\"},{\"@type\":\"ListItem\",\"position\":2,\"name\":\"\u00c0 propos de la fondation\"}]},{\"@type\":\"WebSite\",\"@id\":\"https:\/\/foundation.exparl.ca\/fr\/#website\",\"url\":\"https:\/\/foundation.exparl.ca\/fr\/\",\"name\":\"Fondation pour l\u2019\u00e9ducation de l\u2019ACEP\",\"description\":\"Fondation pour l\u2019\u00e9ducation de l\u2019ACEP\",\"potentialAction\":[{\"@type\":\"SearchAction\",\"target\":{\"@type\":\"EntryPoint\",\"urlTemplate\":\"https:\/\/foundation.exparl.ca\/fr\/?s={search_term_string}\"},\"query-input\":\"required name=search_term_string\"}],\"inLanguage\":\"fr-FR\"}]}<\/script>\n<!-- \/ Yoast SEO plugin. -->","yoast_head_json":{"title":"\u00c0 propos de la fondation | Fondation pour l\u2019\u00e9ducation de l\u2019ACEP","robots":{"index":"index","follow":"follow","max-snippet":"max-snippet:-1","max-image-preview":"max-image-preview:large","max-video-preview":"max-video-preview:-1"},"canonical":"https:\/\/foundation.exparl.ca\/fr\/a-propos-de-la-fondation\/","og_locale":"fr_FR","og_type":"article","og_title":"\u00c0 propos de la fondation | Fondation pour l\u2019\u00e9ducation de l\u2019ACEP","og_description":"[vc_row el_class=\u00a0\u00bbinner-container page_panel\u00a0\u00bb][vc_column][vc_column_text]Les membres de l\u2019ACEP contribuent aux activit\u00e9s de l\u2019organisation en versant une cotisation annuelle modique. Ils peuvent \u00e9galement lui donner de leur temps en participant b\u00e9n\u00e9volement aux programmes de l\u2019ACEP. La quasi-totalit\u00e9 des sommes vers\u00e9es \u00e0 la Fondation vont directement \u00e0 ses activit\u00e9s et peuvent faire l\u2019objet de re\u00e7us \u00e0 des fins fiscales....","og_url":"https:\/\/foundation.exparl.ca\/fr\/a-propos-de-la-fondation\/","og_site_name":"Fondation pour l\u2019\u00e9ducation de l\u2019ACEP","article_modified_time":"2018-07-05T14:28:25+00:00","twitter_card":"summary_large_image","twitter_misc":{"Dur\u00e9e de lecture estim\u00e9e":"1 minute"},"schema":{"@context":"https:\/\/schema.org","@graph":[{"@type":"WebPage","@id":"https:\/\/foundation.exparl.ca\/fr\/a-propos-de-la-fondation\/","url":"https:\/\/foundation.exparl.ca\/fr\/a-propos-de-la-fondation\/","name":"\u00c0 propos de la fondation | Fondation pour l\u2019\u00e9ducation de l\u2019ACEP","isPartOf":{"@id":"https:\/\/foundation.exparl.ca\/fr\/#website"},"datePublished":"2018-05-11T17:14:18+00:00","dateModified":"2018-07-05T14:28:25+00:00","breadcrumb":{"@id":"https:\/\/foundation.exparl.ca\/fr\/a-propos-de-la-fondation\/#breadcrumb"},"inLanguage":"fr-FR","potentialAction":[{"@type":"ReadAction","target":["https:\/\/foundation.exparl.ca\/fr\/a-propos-de-la-fondation\/"]}]},{"@type":"BreadcrumbList","@id":"https:\/\/foundation.exparl.ca\/fr\/a-propos-de-la-fondation\/#breadcrumb","itemListElement":[{"@type":"ListItem","position":1,"name":"Home","item":"https:\/\/foundation.exparl.ca\/fr\/"},{"@type":"ListItem","position":2,"name":"\u00c0 propos de la fondation"}]},{"@type":"WebSite","@id":"https:\/\/foundation.exparl.ca\/fr\/#website","url":"https:\/\/foundation.exparl.ca\/fr\/","name":"Fondation pour l\u2019\u00e9ducation de l\u2019ACEP","description":"Fondation pour l\u2019\u00e9ducation de l\u2019ACEP","potentialAction":[{"@type":"SearchAction","target":{"@type":"EntryPoint","urlTemplate":"https:\/\/foundation.exparl.ca\/fr\/?s={search_term_string}"},"query-input":"required name=search_term_string"}],"inLanguage":"fr-FR"}]}},"_links":{"self":[{"href":"https:\/\/foundation.exparl.ca\/fr\/wp-json\/wp\/v2\/pages\/139","targetHints":{"allow":["GET"]}}],"collection":[{"href":"https:\/\/foundation.exparl.ca\/fr\/wp-json\/wp\/v2\/pages"}],"about":[{"href":"https:\/\/foundation.exparl.ca\/fr\/wp-json\/wp\/v2\/types\/page"}],"author":[{"embeddable":true,"href":"https:\/\/foundation.exparl.ca\/fr\/wp-json\/wp\/v2\/users\/1"}],"replies":[{"embeddable":true,"href":"https:\/\/foundation.exparl.ca\/fr\/wp-json\/wp\/v2\/comments?post=139"}],"version-history":[{"count":0,"href":"https:\/\/foundation.exparl.ca\/fr\/wp-json\/wp\/v2\/pages\/139\/revisions"}],"wp:attachment":[{"href":"https:\/\/foundation.exparl.ca\/fr\/wp-json\/wp\/v2\/media?parent=139"}],"curies":[{"name":"wp","href":"https:\/\/api.w.org\/{rel}","templated":true}]}}